{"id":49,"date":"2023-12-03T20:09:08","date_gmt":"2023-12-03T19:09:08","guid":{"rendered":"http:\/\/edytalitwiniuk.com\/?page_id=49"},"modified":"2024-09-04T16:30:30","modified_gmt":"2024-09-04T14:30:30","slug":"edyta-litwinuk-kontakt","status":"publish","type":"page","link":"https:\/\/edytalitwiniuk.com\/?page_id=49","title":{"rendered":"Kontakt"},"content":{"rendered":"\t\t<div data-elementor-type=\"wp-page\" data-elementor-id=\"49\" class=\"elementor elementor-49\">\n\t\t\t\t<div class=\"elementor-element elementor-element-21ffbef e-con-full e-flex e-con e-parent\" data-id=\"21ffbef\" data-element_type=\"container\" data-e-type=\"container\" data-settings=\"{&quot;background_background&quot;:&quot;classic&quot;}\">\n\t\t<div class=\"elementor-element elementor-element-1e8677a5 e-con-full e-flex e-con e-child\" data-id=\"1e8677a5\" data-element_type=\"container\" data-e-type=\"container\" data-settings=\"{&quot;background_background&quot;:&quot;classic&quot;}\">\n\t\t\t\t<div class=\"elementor-element elementor-element-58ed12b5 elementor-widget elementor-widget-heading\" data-id=\"58ed12b5\" data-element_type=\"widget\" data-e-type=\"widget\" data-widget_type=\"heading.default\">\n\t\t\t\t<div class=\"elementor-widget-container\">\n\t\t\t\t\t<h1 class=\"elementor-heading-title elementor-size-default\">NAPISZ DO MNIE<\/h1>\t\t\t\t<\/div>\n\t\t\t\t<\/div>\n\t\t\t\t<div class=\"elementor-element elementor-element-798d1378 elementor-widget elementor-widget-heading\" data-id=\"798d1378\" data-element_type=\"widget\" data-e-type=\"widget\" data-widget_type=\"heading.default\">\n\t\t\t\t<div class=\"elementor-widget-container\">\n\t\t\t\t\t<p class=\"elementor-heading-title elementor-size-default\">Czekam na wiadomo\u015bci!<\/p>\t\t\t\t<\/div>\n\t\t\t\t<\/div>\n\t\t\t\t<\/div>\n\t\t<div class=\"elementor-element elementor-element-4eee8efa e-con-full e-flex e-con e-child\" data-id=\"4eee8efa\" data-element_type=\"container\" data-e-type=\"container\">\n\t\t\t\t<div class=\"elementor-element elementor-element-5ef79d9b elementor-button-align-center elementor-tablet-button-align-center elementor-widget elementor-widget-form\" data-id=\"5ef79d9b\" data-element_type=\"widget\" data-e-type=\"widget\" data-settings=\"{&quot;step_next_label&quot;:&quot;Next&quot;,&quot;step_previous_label&quot;:&quot;Previous&quot;,&quot;step_icon_shape&quot;:&quot;none&quot;,&quot;button_width&quot;:&quot;100&quot;,&quot;step_type&quot;:&quot;number_text&quot;}\" data-widget_type=\"form.default\">\n\t\t\t\t<div class=\"elementor-widget-container\">\n\t\t\t\t\t\t\t<form class=\"elementor-form\" method=\"post\" name=\"Contact Form\">\n\t\t\t<input type=\"hidden\" name=\"post_id\" value=\"49\"\/>\n\t\t\t<input type=\"hidden\" name=\"form_id\" value=\"5ef79d9b\"\/>\n\t\t\t<input type=\"hidden\" name=\"referer_title\" value=\"Edyta Litwiniuk\" \/>\n\n\t\t\t\n\t\t\t<div class=\"elementor-form-fields-wrapper elementor-labels-\">\n\t\t\t\t\t\t\t\t<div class=\"elementor-field-type-text elementor-field-group elementor-column elementor-field-group-name elementor-col-50 elementor-field-required\">\n\t\t\t\t\t\t\t\t\t\t\t\t<label for=\"form-field-name\" class=\"elementor-field-label elementor-screen-only\">\n\t\t\t\t\t\t\t\tImi\u0119\t\t\t\t\t\t\t<\/label>\n\t\t\t\t\t\t\t\t\t\t\t\t\t\t<input size=\"1\" type=\"text\" name=\"form_fields[name]\" id=\"form-field-name\" class=\"elementor-field elementor-size-sm  elementor-field-textual\" placeholder=\"Imi\u0119*\" required=\"required\" aria-required=\"true\">\n\t\t\t\t\t\t\t\t\t\t\t<\/div>\n\t\t\t\t\t\t\t\t<div class=\"elementor-field-type-text elementor-field-group elementor-column elementor-field-group-field_b743cd7 elementor-col-50 elementor-field-required\">\n\t\t\t\t\t\t\t\t\t\t\t\t<label for=\"form-field-field_b743cd7\" class=\"elementor-field-label elementor-screen-only\">\n\t\t\t\t\t\t\t\tNazwisko\t\t\t\t\t\t\t<\/label>\n\t\t\t\t\t\t\t\t\t\t\t\t\t\t<input size=\"1\" type=\"text\" name=\"form_fields[field_b743cd7]\" id=\"form-field-field_b743cd7\" class=\"elementor-field elementor-size-sm  elementor-field-textual\" placeholder=\"Nazwisko*\" required=\"required\" aria-required=\"true\">\n\t\t\t\t\t\t\t\t\t\t\t<\/div>\n\t\t\t\t\t\t\t\t<div class=\"elementor-field-type-tel elementor-field-group elementor-column elementor-field-group-field_6c180a9 elementor-col-50\">\n\t\t\t\t\t\t\t\t\t\t\t\t<label for=\"form-field-field_6c180a9\" class=\"elementor-field-label elementor-screen-only\">\n\t\t\t\t\t\t\t\tNumer telefonu\t\t\t\t\t\t\t<\/label>\n\t\t\t\t\t\t\t\t<input size=\"1\" type=\"tel\" name=\"form_fields[field_6c180a9]\" id=\"form-field-field_6c180a9\" class=\"elementor-field elementor-size-sm  elementor-field-textual\" placeholder=\"Numer telefonu\" pattern=\"[0-9()#&amp;+*-=.]+\" title=\"Only numbers and phone characters (#, -, *, etc) are accepted.\">\n\n\t\t\t\t\t\t<\/div>\n\t\t\t\t\t\t\t\t<div class=\"elementor-field-type-email elementor-field-group elementor-column elementor-field-group-email elementor-col-50 elementor-field-required\">\n\t\t\t\t\t\t\t\t\t\t\t\t<label for=\"form-field-email\" class=\"elementor-field-label elementor-screen-only\">\n\t\t\t\t\t\t\t\tEmail\t\t\t\t\t\t\t<\/label>\n\t\t\t\t\t\t\t\t\t\t\t\t\t\t<input size=\"1\" type=\"email\" name=\"form_fields[email]\" id=\"form-field-email\" class=\"elementor-field elementor-size-sm  elementor-field-textual\" placeholder=\"Email*\" required=\"required\" aria-required=\"true\">\n\t\t\t\t\t\t\t\t\t\t\t<\/div>\n\t\t\t\t\t\t\t\t<div class=\"elementor-field-type-text elementor-field-group elementor-column elementor-field-group-field_330552d elementor-col-100 elementor-field-required\">\n\t\t\t\t\t\t\t\t\t\t\t\t<label for=\"form-field-field_330552d\" class=\"elementor-field-label elementor-screen-only\">\n\t\t\t\t\t\t\t\tTytu\u0142 wiadomo\u015bci\t\t\t\t\t\t\t<\/label>\n\t\t\t\t\t\t\t\t\t\t\t\t\t\t<input size=\"1\" type=\"text\" name=\"form_fields[field_330552d]\" id=\"form-field-field_330552d\" class=\"elementor-field elementor-size-sm  elementor-field-textual\" placeholder=\"Tytu\u0142 wiadomo\u015bci*\" required=\"required\" aria-required=\"true\">\n\t\t\t\t\t\t\t\t\t\t\t<\/div>\n\t\t\t\t\t\t\t\t<div class=\"elementor-field-type-textarea elementor-field-group elementor-column elementor-field-group-message elementor-col-100 elementor-field-required\">\n\t\t\t\t\t\t\t\t\t\t\t\t<label for=\"form-field-message\" class=\"elementor-field-label elementor-screen-only\">\n\t\t\t\t\t\t\t\tWiadomo\u015b\u0107\t\t\t\t\t\t\t<\/label>\n\t\t\t\t\t\t<textarea class=\"elementor-field-textual elementor-field  elementor-size-sm\" name=\"form_fields[message]\" id=\"form-field-message\" rows=\"4\" placeholder=\"Wiadomo\u015b\u0107*\" required=\"required\" aria-required=\"true\"><\/textarea>\t\t\t\t<\/div>\n\t\t\t\t\t\t\t\t<div class=\"elementor-field-type-recaptcha_v3 elementor-field-group elementor-column elementor-field-group-field_c53aaba elementor-col-100 recaptcha_v3-bottomright\">\n\t\t\t\t\t<div class=\"elementor-field\" id=\"form-field-field_c53aaba\"><div class=\"elementor-g-recaptcha\" data-sitekey=\"6Lc6ue8pAAAAAGnqkxq_eVpcunPg_yhtY44S-1zW\" data-type=\"v3\" data-action=\"Form\" data-badge=\"bottomright\" data-size=\"invisible\"><\/div><\/div>\t\t\t\t<\/div>\n\t\t\t\t\t\t\t\t<div class=\"elementor-field-group elementor-column elementor-field-type-submit elementor-col-100 e-form__buttons\">\n\t\t\t\t\t<button type=\"submit\" class=\"elementor-button elementor-size-sm\" id=\"send\">\n\t\t\t\t\t\t<span >\n\t\t\t\t\t\t\t\t\t\t\t\t\t\t\t<span class=\" elementor-button-icon\">\n\t\t\t\t\t\t\t\t\t\t\t\t\t\t\t\t\t\t\t\t\t\t\t\t\t\t<\/span>\n\t\t\t\t\t\t\t\t\t\t\t\t\t\t\t\t\t\t\t\t\t\t<span class=\"elementor-button-text\">WY\u015aLIJ<\/span>\n\t\t\t\t\t\t\t\t\t\t\t\t\t<\/span>\n\t\t\t\t\t<\/button>\n\t\t\t\t<\/div>\n\t\t\t<\/div>\n\t\t<\/form>\n\t\t\t\t\t\t<\/div>\n\t\t\t\t<\/div>\n\t\t\t\t<\/div>\n\t\t\t\t<\/div>\n\t\t\t\t<\/div>\n\t\t","protected":false},"excerpt":{"rendered":"<p>NAPISZ DO MNIE Czekam na wiadomo\u015bci!<\/p>\n","protected":false},"author":1,"featured_media":0,"parent":0,"menu_order":4,"comment_status":"closed","ping_status":"closed","template":"elementor_header_footer","meta":{"footnotes":""},"class_list":["post-49","page","type-page","status-publish","hentry"],"yoast_head":"<!-- This site is optimized with the Yoast SEO plugin v27.6 - https:\/\/yoast.com\/product\/yoast-seo-wordpress\/ -->\n<title>Edyta Litwiniuk. Kontakt. WordPress, social media, marketing<\/title>\n<meta name=\"description\" content=\"Jestem Edyta Litwiniuk. Buduj\u0119 strony w WordPress, jestem social media managerem, zajmuj\u0119 si\u0119 digital marketingiem\" \/>\n<meta name=\"robots\" content=\"index, follow, max-snippet:-1, max-image-preview:large, max-video-preview:-1\" \/>\n<link rel=\"canonical\" href=\"https:\/\/edytalitwiniuk.com\/?page_id=49\" \/>\n<meta property=\"og:locale\" content=\"pl_PL\" \/>\n<meta property=\"og:type\" content=\"article\" \/>\n<meta property=\"og:title\" content=\"Edyta Litwiniuk. Kontakt. WordPress, social media, marketing\" \/>\n<meta property=\"og:description\" content=\"Jestem Edyta Litwiniuk. Buduj\u0119 strony w WordPress, jestem social media managerem, zajmuj\u0119 si\u0119 digital marketingiem\" \/>\n<meta property=\"og:url\" content=\"https:\/\/edytalitwiniuk.com\/?page_id=49\" \/>\n<meta property=\"og:site_name\" content=\"Edyta Litwiniuk\" \/>\n<meta property=\"article:modified_time\" content=\"2024-09-04T14:30:30+00:00\" \/>\n<meta name=\"twitter:card\" content=\"summary_large_image\" \/>\n<meta name=\"twitter:label1\" content=\"Szacowany czas czytania\" \/>\n\t<meta name=\"twitter:data1\" content=\"1 minuta\" \/>\n<script type=\"application\/ld+json\" class=\"yoast-schema-graph\">{\"@context\":\"https:\\\/\\\/schema.org\",\"@graph\":[{\"@type\":\"WebPage\",\"@id\":\"https:\\\/\\\/edytalitwiniuk.com\\\/?page_id=49\",\"url\":\"https:\\\/\\\/edytalitwiniuk.com\\\/?page_id=49\",\"name\":\"Edyta Litwiniuk. Kontakt. WordPress, social media, marketing\",\"isPartOf\":{\"@id\":\"https:\\\/\\\/edytalitwiniuk.com\\\/#website\"},\"datePublished\":\"2023-12-03T19:09:08+00:00\",\"dateModified\":\"2024-09-04T14:30:30+00:00\",\"description\":\"Jestem Edyta Litwiniuk. Buduj\u0119 strony w WordPress, jestem social media managerem, zajmuj\u0119 si\u0119 digital marketingiem\",\"breadcrumb\":{\"@id\":\"https:\\\/\\\/edytalitwiniuk.com\\\/?page_id=49#breadcrumb\"},\"inLanguage\":\"pl-PL\",\"potentialAction\":[{\"@type\":\"ReadAction\",\"target\":[\"https:\\\/\\\/edytalitwiniuk.com\\\/?page_id=49\"]}]},{\"@type\":\"BreadcrumbList\",\"@id\":\"https:\\\/\\\/edytalitwiniuk.com\\\/?page_id=49#breadcrumb\",\"itemListElement\":[{\"@type\":\"ListItem\",\"position\":1,\"name\":\"Home\",\"item\":\"https:\\\/\\\/edytalitwiniuk.com\\\/\"},{\"@type\":\"ListItem\",\"position\":2,\"name\":\"Kontakt\"}]},{\"@type\":\"WebSite\",\"@id\":\"https:\\\/\\\/edytalitwiniuk.com\\\/#website\",\"url\":\"https:\\\/\\\/edytalitwiniuk.com\\\/\",\"name\":\"Edyta Litwiniuk\",\"description\":\"Social media, digital marketing, strony Wordpress\",\"publisher\":{\"@id\":\"https:\\\/\\\/edytalitwiniuk.com\\\/#organization\"},\"potentialAction\":[{\"@type\":\"SearchAction\",\"target\":{\"@type\":\"EntryPoint\",\"urlTemplate\":\"https:\\\/\\\/edytalitwiniuk.com\\\/?s={search_term_string}\"},\"query-input\":{\"@type\":\"PropertyValueSpecification\",\"valueRequired\":true,\"valueName\":\"search_term_string\"}}],\"inLanguage\":\"pl-PL\"},{\"@type\":\"Organization\",\"@id\":\"https:\\\/\\\/edytalitwiniuk.com\\\/#organization\",\"name\":\"Edyta Litwiniuk\",\"url\":\"https:\\\/\\\/edytalitwiniuk.com\\\/\",\"logo\":{\"@type\":\"ImageObject\",\"inLanguage\":\"pl-PL\",\"@id\":\"https:\\\/\\\/edytalitwiniuk.com\\\/#\\\/schema\\\/logo\\\/image\\\/\",\"url\":\"https:\\\/\\\/edytalitwiniuk.com\\\/wp-content\\\/uploads\\\/2023\\\/11\\\/Beige-Minimal-Personal-Make-Up-Artist-Logo-6.png\",\"contentUrl\":\"https:\\\/\\\/edytalitwiniuk.com\\\/wp-content\\\/uploads\\\/2023\\\/11\\\/Beige-Minimal-Personal-Make-Up-Artist-Logo-6.png\",\"width\":500,\"height\":500,\"caption\":\"Edyta Litwiniuk\"},\"image\":{\"@id\":\"https:\\\/\\\/edytalitwiniuk.com\\\/#\\\/schema\\\/logo\\\/image\\\/\"}}]}<\/script>\n<!-- \/ Yoast SEO plugin. -->","yoast_head_json":{"title":"Edyta Litwiniuk. Kontakt. WordPress, social media, marketing","description":"Jestem Edyta Litwiniuk. Buduj\u0119 strony w WordPress, jestem social media managerem, zajmuj\u0119 si\u0119 digital marketingiem","robots":{"index":"index","follow":"follow","max-snippet":"max-snippet:-1","max-image-preview":"max-image-preview:large","max-video-preview":"max-video-preview:-1"},"canonical":"https:\/\/edytalitwiniuk.com\/?page_id=49","og_locale":"pl_PL","og_type":"article","og_title":"Edyta Litwiniuk. Kontakt. WordPress, social media, marketing","og_description":"Jestem Edyta Litwiniuk. Buduj\u0119 strony w WordPress, jestem social media managerem, zajmuj\u0119 si\u0119 digital marketingiem","og_url":"https:\/\/edytalitwiniuk.com\/?page_id=49","og_site_name":"Edyta Litwiniuk","article_modified_time":"2024-09-04T14:30:30+00:00","twitter_card":"summary_large_image","twitter_misc":{"Szacowany czas czytania":"1 minuta"},"schema":{"@context":"https:\/\/schema.org","@graph":[{"@type":"WebPage","@id":"https:\/\/edytalitwiniuk.com\/?page_id=49","url":"https:\/\/edytalitwiniuk.com\/?page_id=49","name":"Edyta Litwiniuk. Kontakt. WordPress, social media, marketing","isPartOf":{"@id":"https:\/\/edytalitwiniuk.com\/#website"},"datePublished":"2023-12-03T19:09:08+00:00","dateModified":"2024-09-04T14:30:30+00:00","description":"Jestem Edyta Litwiniuk. Buduj\u0119 strony w WordPress, jestem social media managerem, zajmuj\u0119 si\u0119 digital marketingiem","breadcrumb":{"@id":"https:\/\/edytalitwiniuk.com\/?page_id=49#breadcrumb"},"inLanguage":"pl-PL","potentialAction":[{"@type":"ReadAction","target":["https:\/\/edytalitwiniuk.com\/?page_id=49"]}]},{"@type":"BreadcrumbList","@id":"https:\/\/edytalitwiniuk.com\/?page_id=49#breadcrumb","itemListElement":[{"@type":"ListItem","position":1,"name":"Home","item":"https:\/\/edytalitwiniuk.com\/"},{"@type":"ListItem","position":2,"name":"Kontakt"}]},{"@type":"WebSite","@id":"https:\/\/edytalitwiniuk.com\/#website","url":"https:\/\/edytalitwiniuk.com\/","name":"Edyta Litwiniuk","description":"Social media, digital marketing, strony Wordpress","publisher":{"@id":"https:\/\/edytalitwiniuk.com\/#organization"},"potentialAction":[{"@type":"SearchAction","target":{"@type":"EntryPoint","urlTemplate":"https:\/\/edytalitwiniuk.com\/?s={search_term_string}"},"query-input":{"@type":"PropertyValueSpecification","valueRequired":true,"valueName":"search_term_string"}}],"inLanguage":"pl-PL"},{"@type":"Organization","@id":"https:\/\/edytalitwiniuk.com\/#organization","name":"Edyta Litwiniuk","url":"https:\/\/edytalitwiniuk.com\/","logo":{"@type":"ImageObject","inLanguage":"pl-PL","@id":"https:\/\/edytalitwiniuk.com\/#\/schema\/logo\/image\/","url":"https:\/\/edytalitwiniuk.com\/wp-content\/uploads\/2023\/11\/Beige-Minimal-Personal-Make-Up-Artist-Logo-6.png","contentUrl":"https:\/\/edytalitwiniuk.com\/wp-content\/uploads\/2023\/11\/Beige-Minimal-Personal-Make-Up-Artist-Logo-6.png","width":500,"height":500,"caption":"Edyta Litwiniuk"},"image":{"@id":"https:\/\/edytalitwiniuk.com\/#\/schema\/logo\/image\/"}}]}},"_links":{"self":[{"href":"https:\/\/edytalitwiniuk.com\/index.php?rest_route=\/wp\/v2\/pages\/49","targetHints":{"allow":["GET"]}}],"collection":[{"href":"https:\/\/edytalitwiniuk.com\/index.php?rest_route=\/wp\/v2\/pages"}],"about":[{"href":"https:\/\/edytalitwiniuk.com\/index.php?rest_route=\/wp\/v2\/types\/page"}],"author":[{"embeddable":true,"href":"https:\/\/edytalitwiniuk.com\/index.php?rest_route=\/wp\/v2\/users\/1"}],"replies":[{"embeddable":true,"href":"https:\/\/edytalitwiniuk.com\/index.php?rest_route=%2Fwp%2Fv2%2Fcomments&post=49"}],"version-history":[{"count":47,"href":"https:\/\/edytalitwiniuk.com\/index.php?rest_route=\/wp\/v2\/pages\/49\/revisions"}],"predecessor-version":[{"id":501,"href":"https:\/\/edytalitwiniuk.com\/index.php?rest_route=\/wp\/v2\/pages\/49\/revisions\/501"}],"wp:attachment":[{"href":"https:\/\/edytalitwiniuk.com\/index.php?rest_route=%2Fwp%2Fv2%2Fmedia&parent=49"}],"curies":[{"name":"wp","href":"https:\/\/api.w.org\/{rel}","templated":true}]}}