{"id":128,"date":"2024-01-01T17:54:19","date_gmt":"2024-01-01T16:54:19","guid":{"rendered":"http:\/\/edytalitwiniuk.com\/?page_id=128"},"modified":"2024-09-02T16:27:56","modified_gmt":"2024-09-02T14:27:56","slug":"social-media-na-islandii","status":"publish","type":"page","link":"https:\/\/edytalitwiniuk.com\/?page_id=128","title":{"rendered":"Portfolio"},"content":{"rendered":"\t\t<div data-elementor-type=\"wp-page\" data-elementor-id=\"128\" class=\"elementor elementor-128\">\n\t\t\t\t<div class=\"elementor-element elementor-element-447aa4fa e-flex e-con-boxed e-con e-parent\" data-id=\"447aa4fa\" data-element_type=\"container\" data-e-type=\"container\">\n\t\t\t\t\t<div class=\"e-con-inner\">\n\t\t\t\t<div class=\"elementor-element elementor-element-665ad2d8 elementor-widget elementor-widget-heading\" data-id=\"665ad2d8\" data-element_type=\"widget\" data-e-type=\"widget\" data-widget_type=\"heading.default\">\n\t\t\t\t<div class=\"elementor-widget-container\">\n\t\t\t\t\t<h1 class=\"elementor-heading-title elementor-size-default\">Portfolio<\/h1>\t\t\t\t<\/div>\n\t\t\t\t<\/div>\n\t\t\t\t<div class=\"elementor-element elementor-element-4e5fc34c elementor-widget elementor-widget-text-editor\" data-id=\"4e5fc34c\" data-element_type=\"widget\" data-e-type=\"widget\" data-widget_type=\"text-editor.default\">\n\t\t\t\t<div class=\"elementor-widget-container\">\n\t\t\t\t\t\t\t\t\t<p>Przyk\u0142adowe materia\u0142y. Social media na Islandii<\/p>\t\t\t\t\t\t\t\t<\/div>\n\t\t\t\t<\/div>\n\t\t\t\t\t<\/div>\n\t\t\t\t<\/div>\n\t\t<div class=\"elementor-element elementor-element-bcd9131 e-flex e-con-boxed e-con e-parent\" data-id=\"bcd9131\" data-element_type=\"container\" data-e-type=\"container\">\n\t\t\t\t\t<div class=\"e-con-inner\">\n\t\t<div class=\"elementor-element elementor-element-2bfe7f7 e-grid e-con-boxed e-con e-child\" data-id=\"2bfe7f7\" data-element_type=\"container\" data-e-type=\"container\">\n\t\t\t\t\t<div class=\"e-con-inner\">\n\t\t<div class=\"elementor-element elementor-element-1ba52f5 e-flex e-con-boxed e-con e-child\" data-id=\"1ba52f5\" data-element_type=\"container\" data-e-type=\"container\">\n\t\t\t\t\t<div class=\"e-con-inner\">\n\t\t\t\t<div class=\"elementor-element elementor-element-28d0f19 elementor-widget elementor-widget-heading\" data-id=\"28d0f19\" data-element_type=\"widget\" data-e-type=\"widget\" data-widget_type=\"heading.default\">\n\t\t\t\t<div class=\"elementor-widget-container\">\n\t\t\t\t\t<h2 class=\"elementor-heading-title elementor-size-default\">Reklamy, newslettery czy strony internetowe<\/h2>\t\t\t\t<\/div>\n\t\t\t\t<\/div>\n\t\t\t\t<div class=\"elementor-element elementor-element-94af835 elementor-widget elementor-widget-text-editor\" data-id=\"94af835\" data-element_type=\"widget\" data-e-type=\"widget\" data-widget_type=\"text-editor.default\">\n\t\t\t\t<div class=\"elementor-widget-container\">\n\t\t\t\t\t\t\t\t\t<p>Tutaj znajdziesz przyk\u0142adowe materia\u0142y stworzone przeze mnie. Cz\u0119\u015b\u0107 z nich zrobi\u0142am dla kogo\u015b, inne by\u0142y tworzone w trakcie studi\u00f3w czy w ramach wolnego czasu.\u00a0<\/p><p>S\u0105 te\u017c propozycje na\u00a0Social media na Islandii.<\/p><p>Enjoy!<\/p>\t\t\t\t\t\t\t\t<\/div>\n\t\t\t\t<\/div>\n\t\t\t\t<div class=\"elementor-element elementor-element-f9b6144 elementor-widget-divider--view-line elementor-widget elementor-widget-divider\" data-id=\"f9b6144\" data-element_type=\"widget\" data-e-type=\"widget\" data-widget_type=\"divider.default\">\n\t\t\t\t<div class=\"elementor-widget-container\">\n\t\t\t\t\t\t\t<div class=\"elementor-divider\">\n\t\t\t<span class=\"elementor-divider-separator\">\n\t\t\t\t\t\t<\/span>\n\t\t<\/div>\n\t\t\t\t\t\t<\/div>\n\t\t\t\t<\/div>\n\t\t\t\t\t<\/div>\n\t\t\t\t<\/div>\n\t\t\t\t<div class=\"elementor-element elementor-element-7e9a8708 elementor-widget elementor-widget-image\" data-id=\"7e9a8708\" data-element_type=\"widget\" data-e-type=\"widget\" data-widget_type=\"image.default\">\n\t\t\t\t<div class=\"elementor-widget-container\">\n\t\t\t\t\t\t\t\t\t\t\t\t\t\t\t<img fetchpriority=\"high\" decoding=\"async\" width=\"721\" height=\"1020\" src=\"https:\/\/edytalitwiniuk.com\/wp-content\/uploads\/2024\/06\/3.jpg\" class=\"attachment-full size-full wp-image-505\" alt=\"\" srcset=\"https:\/\/edytalitwiniuk.com\/wp-content\/uploads\/2024\/06\/3.jpg 721w, https:\/\/edytalitwiniuk.com\/wp-content\/uploads\/2024\/06\/3-212x300.jpg 212w, https:\/\/edytalitwiniuk.com\/wp-content\/uploads\/2024\/06\/3-724x1024.jpg 724w, https:\/\/edytalitwiniuk.com\/wp-content\/uploads\/2024\/06\/3-768x1086.jpg 768w, https:\/\/edytalitwiniuk.com\/wp-content\/uploads\/2024\/06\/3-1086x1536.jpg 1086w\" sizes=\"(max-width: 721px) 100vw, 721px\" \/>\t\t\t\t\t\t\t\t\t\t\t\t\t\t\t<\/div>\n\t\t\t\t<\/div>\n\t\t\t\t\t<\/div>\n\t\t\t\t<\/div>\n\t\t\t\t\t<\/div>\n\t\t\t\t<\/div>\n\t\t<header class=\"elementor-element elementor-element-23476252 e-flex e-con-boxed e-con e-parent\" data-id=\"23476252\" data-element_type=\"container\" data-e-type=\"container\">\n\t\t\t\t\t<div class=\"e-con-inner\">\n\t\t\t\t<div class=\"elementor-element elementor-element-33cf9f4 elementor-widget-divider--view-line elementor-widget elementor-widget-divider\" data-id=\"33cf9f4\" data-element_type=\"widget\" data-e-type=\"widget\" data-widget_type=\"divider.default\">\n\t\t\t\t<div class=\"elementor-widget-container\">\n\t\t\t\t\t\t\t<div class=\"elementor-divider\">\n\t\t\t<span class=\"elementor-divider-separator\">\n\t\t\t\t\t\t<\/span>\n\t\t<\/div>\n\t\t\t\t\t\t<\/div>\n\t\t\t\t<\/div>\n\t\t\t\t\t<\/div>\n\t\t\t\t<\/header>\n\t\t<div class=\"elementor-element elementor-element-5cec657 e-grid e-con-boxed e-con e-parent\" data-id=\"5cec657\" data-element_type=\"container\" data-e-type=\"container\">\n\t\t\t\t\t<div class=\"e-con-inner\">\n\t\t\t\t<div class=\"elementor-element elementor-element-b8cdb8d elementor-widget elementor-widget-image\" data-id=\"b8cdb8d\" data-element_type=\"widget\" data-e-type=\"widget\" data-widget_type=\"image.default\">\n\t\t\t\t<div class=\"elementor-widget-container\">\n\t\t\t\t\t\t\t\t\t\t\t\t\t\t\t<img decoding=\"async\" width=\"724\" height=\"1024\" src=\"https:\/\/edytalitwiniuk.com\/wp-content\/uploads\/2024\/06\/1-724x1024.jpg\" class=\"attachment-large size-large wp-image-503\" alt=\"\" srcset=\"https:\/\/edytalitwiniuk.com\/wp-content\/uploads\/2024\/06\/1-724x1024.jpg 724w, https:\/\/edytalitwiniuk.com\/wp-content\/uploads\/2024\/06\/1-212x300.jpg 212w, https:\/\/edytalitwiniuk.com\/wp-content\/uploads\/2024\/06\/1-768x1086.jpg 768w, https:\/\/edytalitwiniuk.com\/wp-content\/uploads\/2024\/06\/1-1086x1536.jpg 1086w, https:\/\/edytalitwiniuk.com\/wp-content\/uploads\/2024\/06\/1.jpg 721w\" sizes=\"(max-width: 724px) 100vw, 724px\" \/>\t\t\t\t\t\t\t\t\t\t\t\t\t\t\t<\/div>\n\t\t\t\t<\/div>\n\t\t\t\t<div class=\"elementor-element elementor-element-fb9a18c elementor-widget elementor-widget-image\" data-id=\"fb9a18c\" data-element_type=\"widget\" data-e-type=\"widget\" data-widget_type=\"image.default\">\n\t\t\t\t<div class=\"elementor-widget-container\">\n\t\t\t\t\t\t\t\t\t\t\t\t\t\t\t<img decoding=\"async\" width=\"724\" height=\"1024\" src=\"https:\/\/edytalitwiniuk.com\/wp-content\/uploads\/2024\/06\/2-1-724x1024.jpg\" class=\"attachment-large size-large wp-image-506\" alt=\"\" srcset=\"https:\/\/edytalitwiniuk.com\/wp-content\/uploads\/2024\/06\/2-1-724x1024.jpg 724w, https:\/\/edytalitwiniuk.com\/wp-content\/uploads\/2024\/06\/2-1-212x300.jpg 212w, https:\/\/edytalitwiniuk.com\/wp-content\/uploads\/2024\/06\/2-1-768x1086.jpg 768w, https:\/\/edytalitwiniuk.com\/wp-content\/uploads\/2024\/06\/2-1-1086x1536.jpg 1086w, https:\/\/edytalitwiniuk.com\/wp-content\/uploads\/2024\/06\/2-1.jpg 721w\" sizes=\"(max-width: 724px) 100vw, 724px\" \/>\t\t\t\t\t\t\t\t\t\t\t\t\t\t\t<\/div>\n\t\t\t\t<\/div>\n\t\t\t\t<div class=\"elementor-element elementor-element-8d4e856 elementor-widget elementor-widget-image\" data-id=\"8d4e856\" data-element_type=\"widget\" data-e-type=\"widget\" data-widget_type=\"image.default\">\n\t\t\t\t<div class=\"elementor-widget-container\">\n\t\t\t\t\t\t\t\t\t\t\t\t\t\t\t<img loading=\"lazy\" decoding=\"async\" width=\"724\" height=\"1024\" src=\"https:\/\/edytalitwiniuk.com\/wp-content\/uploads\/2024\/06\/3-1-724x1024.jpg\" class=\"attachment-large size-large wp-image-507\" alt=\"\" srcset=\"https:\/\/edytalitwiniuk.com\/wp-content\/uploads\/2024\/06\/3-1-724x1024.jpg 724w, https:\/\/edytalitwiniuk.com\/wp-content\/uploads\/2024\/06\/3-1-212x300.jpg 212w, https:\/\/edytalitwiniuk.com\/wp-content\/uploads\/2024\/06\/3-1-768x1086.jpg 768w, https:\/\/edytalitwiniuk.com\/wp-content\/uploads\/2024\/06\/3-1-1086x1536.jpg 1086w, https:\/\/edytalitwiniuk.com\/wp-content\/uploads\/2024\/06\/3-1.jpg 721w\" sizes=\"(max-width: 724px) 100vw, 724px\" \/>\t\t\t\t\t\t\t\t\t\t\t\t\t\t\t<\/div>\n\t\t\t\t<\/div>\n\t\t\t\t<div class=\"elementor-element elementor-element-fc3cea7 elementor-widget elementor-widget-image\" data-id=\"fc3cea7\" data-element_type=\"widget\" data-e-type=\"widget\" data-widget_type=\"image.default\">\n\t\t\t\t<div class=\"elementor-widget-container\">\n\t\t\t\t\t\t\t\t\t\t\t\t\t\t\t<img loading=\"lazy\" decoding=\"async\" width=\"800\" height=\"800\" src=\"https:\/\/edytalitwiniuk.com\/wp-content\/uploads\/2024\/06\/Terakota-Bezowa-Biala-Tekstura-Bloki-Marka-Funkcja-Prezentacja-Reklama-na-Facebook-1024x1024.jpg\" class=\"attachment-large size-large wp-image-509\" alt=\"\" srcset=\"https:\/\/edytalitwiniuk.com\/wp-content\/uploads\/2024\/06\/Terakota-Bezowa-Biala-Tekstura-Bloki-Marka-Funkcja-Prezentacja-Reklama-na-Facebook-1024x1024.jpg 1024w, https:\/\/edytalitwiniuk.com\/wp-content\/uploads\/2024\/06\/Terakota-Bezowa-Biala-Tekstura-Bloki-Marka-Funkcja-Prezentacja-Reklama-na-Facebook-300x300.jpg 300w, https:\/\/edytalitwiniuk.com\/wp-content\/uploads\/2024\/06\/Terakota-Bezowa-Biala-Tekstura-Bloki-Marka-Funkcja-Prezentacja-Reklama-na-Facebook-150x150.jpg 150w, https:\/\/edytalitwiniuk.com\/wp-content\/uploads\/2024\/06\/Terakota-Bezowa-Biala-Tekstura-Bloki-Marka-Funkcja-Prezentacja-Reklama-na-Facebook-768x768.jpg 768w, https:\/\/edytalitwiniuk.com\/wp-content\/uploads\/2024\/06\/Terakota-Bezowa-Biala-Tekstura-Bloki-Marka-Funkcja-Prezentacja-Reklama-na-Facebook.jpg 1020w\" sizes=\"(max-width: 800px) 100vw, 800px\" \/>\t\t\t\t\t\t\t\t\t\t\t\t\t\t\t<\/div>\n\t\t\t\t<\/div>\n\t\t\t\t<div class=\"elementor-element elementor-element-2c94c23 elementor-widget elementor-widget-image\" data-id=\"2c94c23\" data-element_type=\"widget\" data-e-type=\"widget\" data-widget_type=\"image.default\">\n\t\t\t\t<div class=\"elementor-widget-container\">\n\t\t\t\t\t\t\t\t\t\t\t\t\t\t\t\t<a href=\"http:\/\/www.redlopapeysa.com\">\n\t\t\t\t\t\t\t<img loading=\"lazy\" decoding=\"async\" width=\"800\" height=\"800\" src=\"https:\/\/edytalitwiniuk.com\/wp-content\/uploads\/2024\/06\/Terakota-Bezowa-Biala-Tekstura-Bloki-Marka-Funkcja-Prezentacja-Reklama-na-Facebook-1-1024x1024.jpg\" class=\"attachment-large size-large wp-image-510\" alt=\"\" srcset=\"https:\/\/edytalitwiniuk.com\/wp-content\/uploads\/2024\/06\/Terakota-Bezowa-Biala-Tekstura-Bloki-Marka-Funkcja-Prezentacja-Reklama-na-Facebook-1-1024x1024.jpg 1024w, https:\/\/edytalitwiniuk.com\/wp-content\/uploads\/2024\/06\/Terakota-Bezowa-Biala-Tekstura-Bloki-Marka-Funkcja-Prezentacja-Reklama-na-Facebook-1-300x300.jpg 300w, https:\/\/edytalitwiniuk.com\/wp-content\/uploads\/2024\/06\/Terakota-Bezowa-Biala-Tekstura-Bloki-Marka-Funkcja-Prezentacja-Reklama-na-Facebook-1-150x150.jpg 150w, https:\/\/edytalitwiniuk.com\/wp-content\/uploads\/2024\/06\/Terakota-Bezowa-Biala-Tekstura-Bloki-Marka-Funkcja-Prezentacja-Reklama-na-Facebook-1-768x768.jpg 768w, https:\/\/edytalitwiniuk.com\/wp-content\/uploads\/2024\/06\/Terakota-Bezowa-Biala-Tekstura-Bloki-Marka-Funkcja-Prezentacja-Reklama-na-Facebook-1.jpg 1020w\" sizes=\"(max-width: 800px) 100vw, 800px\" \/>\t\t\t\t\t\t\t\t<\/a>\n\t\t\t\t\t\t\t\t\t\t\t\t\t\t\t<\/div>\n\t\t\t\t<\/div>\n\t\t\t\t<div class=\"elementor-element elementor-element-c8a16d4 elementor-widget elementor-widget-video\" data-id=\"c8a16d4\" data-element_type=\"widget\" data-e-type=\"widget\" data-settings=\"{&quot;video_type&quot;:&quot;hosted&quot;,&quot;controls&quot;:&quot;yes&quot;}\" data-widget_type=\"video.default\">\n\t\t\t\t<div class=\"elementor-widget-container\">\n\t\t\t\t\t\t\t<div class=\"e-hosted-video elementor-wrapper elementor-open-inline\">\n\t\t\t\t\t<video class=\"elementor-video\" src=\"https:\/\/edytalitwiniuk.com\/wp-content\/uploads\/2024\/06\/05dbcf26-7e5a-4de1-808b-b7413c0c0047.mp4\" controls=\"\" preload=\"metadata\" controlsList=\"nodownload\"><\/video>\n\t\t\t\t<\/div>\n\t\t\t\t\t\t<\/div>\n\t\t\t\t<\/div>\n\t\t\t\t\t<\/div>\n\t\t\t\t<\/div>\n\t\t<div class=\"elementor-element elementor-element-1a871e9b e-con-full e-flex e-con e-parent\" data-id=\"1a871e9b\" data-element_type=\"container\" data-e-type=\"container\">\n\t\t<div class=\"elementor-element elementor-element-2a3b2cb9 e-con-full e-flex e-con e-child\" data-id=\"2a3b2cb9\" data-element_type=\"container\" data-e-type=\"container\">\n\t\t\t\t<div class=\"elementor-element elementor-element-afd3f24 elementor-widget elementor-widget-heading\" data-id=\"afd3f24\" data-element_type=\"widget\" data-e-type=\"widget\" data-widget_type=\"heading.default\">\n\t\t\t\t<div class=\"elementor-widget-container\">\n\t\t\t\t\t<h2 class=\"elementor-heading-title elementor-size-default\">Social media na Islandii<\/h2>\t\t\t\t<\/div>\n\t\t\t\t<\/div>\n\t\t\t\t<div class=\"elementor-element elementor-element-5106af5e elementor-widget elementor-widget-image\" data-id=\"5106af5e\" data-element_type=\"widget\" data-e-type=\"widget\" data-widget_type=\"image.default\">\n\t\t\t\t<div class=\"elementor-widget-container\">\n\t\t\t\t\t\t\t\t\t\t\t\t\t\t\t<img loading=\"lazy\" decoding=\"async\" width=\"800\" height=\"671\" src=\"https:\/\/edytalitwiniuk.com\/wp-content\/uploads\/2024\/06\/for-sale.jpg\" class=\"attachment-large size-large wp-image-535\" alt=\"\" srcset=\"https:\/\/edytalitwiniuk.com\/wp-content\/uploads\/2024\/06\/for-sale.jpg 940w, https:\/\/edytalitwiniuk.com\/wp-content\/uploads\/2024\/06\/for-sale-300x251.jpg 300w, https:\/\/edytalitwiniuk.com\/wp-content\/uploads\/2024\/06\/for-sale-768x644.jpg 768w\" sizes=\"(max-width: 800px) 100vw, 800px\" \/>\t\t\t\t\t\t\t\t\t\t\t\t\t\t\t<\/div>\n\t\t\t\t<\/div>\n\t\t\t\t<\/div>\n\t\t<div class=\"elementor-element elementor-element-11453f0a e-con-full e-flex e-con e-child\" data-id=\"11453f0a\" data-element_type=\"container\" data-e-type=\"container\">\n\t\t\t\t<div class=\"elementor-element elementor-element-420d4ff6 elementor-widget elementor-widget-heading\" data-id=\"420d4ff6\" data-element_type=\"widget\" data-e-type=\"widget\" data-widget_type=\"heading.default\">\n\t\t\t\t<div class=\"elementor-widget-container\">\n\t\t\t\t\t<h2 class=\"elementor-heading-title elementor-size-xxl\">Napisz do mnie!<\/h2>\t\t\t\t<\/div>\n\t\t\t\t<\/div>\n\t\t\t\t<div class=\"elementor-element elementor-element-6f29a287 elementor-mobile-align-center elementor-tablet-align-center elementor-align-center elementor-button-info elementor-widget elementor-widget-button\" data-id=\"6f29a287\" data-element_type=\"widget\" data-e-type=\"widget\" data-widget_type=\"button.default\">\n\t\t\t\t<div class=\"elementor-widget-container\">\n\t\t\t\t\t\t\t\t\t<div class=\"elementor-button-wrapper\">\n\t\t\t\t\t<a class=\"elementor-button elementor-button-link elementor-size-sm\" href=\"https:\/\/edytalitwiniuk.com\/?page_id=49\" id=\"my-mail\">\n\t\t\t\t\t\t<span class=\"elementor-button-content-wrapper\">\n\t\t\t\t\t\t\t\t\t<span class=\"elementor-button-text\">KONTAKT<\/span>\n\t\t\t\t\t<\/span>\n\t\t\t\t\t<\/a>\n\t\t\t\t<\/div>\n\t\t\t\t\t\t\t\t<\/div>\n\t\t\t\t<\/div>\n\t\t\t\t<\/div>\n\t\t\t\t<\/div>\n\t\t<div class=\"elementor-element elementor-element-43142fa e-flex e-con-boxed e-con e-parent\" data-id=\"43142fa\" data-element_type=\"container\" data-e-type=\"container\">\n\t\t\t\t\t<div class=\"e-con-inner\">\n\t\t\t\t\t<\/div>\n\t\t\t\t<\/div>\n\t\t\t\t<\/div>\n\t\t","protected":false},"excerpt":{"rendered":"<p>Portfolio Przyk\u0142adowe materia\u0142y Reklamy, newslettery czy strony internetowe Tutaj znajdziesz przyk\u0142adowe materia\u0142y stworzone przeze mnie. Cz\u0119\u015b\u0107 z nich zrobi\u0142am dla kogo\u015b, inne by\u0142y tworzone w trakcie studi\u00f3w czy w ramach wolnego czasu.\u00a0 Enjoy! https:\/\/edytalitwiniuk.com\/wp-content\/uploads\/2024\/06\/05dbcf26-7e5a-4de1-808b-b7413c0c0047.mp4 Napisz do mnie! KONTAKT<\/p>\n","protected":false},"author":1,"featured_media":0,"parent":0,"menu_order":3,"comment_status":"closed","ping_status":"closed","template":"elementor_header_footer","meta":{"footnotes":""},"class_list":["post-128","page","type-page","status-publish","hentry"],"yoast_head":"<!-- This site is optimized with the Yoast SEO plugin v27.6 - https:\/\/yoast.com\/product\/yoast-seo-wordpress\/ -->\n<title>Edyta Litwiniuk. WordPress, social media na Islandii<\/title>\n<meta name=\"description\" content=\"Jestem Edyta Litwiniuk. Buduj\u0119 strony w WordPress, jestem social media managerem, zajmuj\u0119 si\u0119 digital marketingiem. Social media na Islandii\" \/>\n<meta name=\"robots\" content=\"index, follow, max-snippet:-1, max-image-preview:large, max-video-preview:-1\" \/>\n<link rel=\"canonical\" href=\"https:\/\/edytalitwiniuk.com\/?page_id=128\" \/>\n<meta property=\"og:locale\" content=\"pl_PL\" \/>\n<meta property=\"og:type\" content=\"article\" \/>\n<meta property=\"og:title\" content=\"Edyta Litwiniuk. WordPress, social media na Islandii\" \/>\n<meta property=\"og:description\" content=\"Jestem Edyta Litwiniuk. Buduj\u0119 strony w WordPress, jestem social media managerem, zajmuj\u0119 si\u0119 digital marketingiem. Social media na Islandii\" \/>\n<meta property=\"og:url\" content=\"https:\/\/edytalitwiniuk.com\/?page_id=128\" \/>\n<meta property=\"og:site_name\" content=\"Edyta Litwiniuk\" \/>\n<meta property=\"article:modified_time\" content=\"2024-09-02T14:27:56+00:00\" \/>\n<meta property=\"og:image\" content=\"http:\/\/edytalitwiniuk.com\/wp-content\/uploads\/2024\/06\/3.jpg\" \/>\n<meta name=\"twitter:card\" content=\"summary_large_image\" \/>\n<meta name=\"twitter:label1\" content=\"Szacowany czas czytania\" \/>\n\t<meta name=\"twitter:data1\" content=\"2 minuty\" \/>\n<script type=\"application\/ld+json\" class=\"yoast-schema-graph\">{\"@context\":\"https:\\\/\\\/schema.org\",\"@graph\":[{\"@type\":\"WebPage\",\"@id\":\"https:\\\/\\\/edytalitwiniuk.com\\\/?page_id=128\",\"url\":\"https:\\\/\\\/edytalitwiniuk.com\\\/?page_id=128\",\"name\":\"Edyta Litwiniuk. WordPress, social media na Islandii\",\"isPartOf\":{\"@id\":\"https:\\\/\\\/edytalitwiniuk.com\\\/#website\"},\"primaryImageOfPage\":{\"@id\":\"https:\\\/\\\/edytalitwiniuk.com\\\/?page_id=128#primaryimage\"},\"image\":{\"@id\":\"https:\\\/\\\/edytalitwiniuk.com\\\/?page_id=128#primaryimage\"},\"thumbnailUrl\":\"http:\\\/\\\/edytalitwiniuk.com\\\/wp-content\\\/uploads\\\/2024\\\/06\\\/3.jpg\",\"datePublished\":\"2024-01-01T16:54:19+00:00\",\"dateModified\":\"2024-09-02T14:27:56+00:00\",\"description\":\"Jestem Edyta Litwiniuk. Buduj\u0119 strony w WordPress, jestem social media managerem, zajmuj\u0119 si\u0119 digital marketingiem. Social media na Islandii\",\"breadcrumb\":{\"@id\":\"https:\\\/\\\/edytalitwiniuk.com\\\/?page_id=128#breadcrumb\"},\"inLanguage\":\"pl-PL\",\"potentialAction\":[{\"@type\":\"ReadAction\",\"target\":[\"https:\\\/\\\/edytalitwiniuk.com\\\/?page_id=128\"]}]},{\"@type\":\"ImageObject\",\"inLanguage\":\"pl-PL\",\"@id\":\"https:\\\/\\\/edytalitwiniuk.com\\\/?page_id=128#primaryimage\",\"url\":\"http:\\\/\\\/edytalitwiniuk.com\\\/wp-content\\\/uploads\\\/2024\\\/06\\\/3.jpg\",\"contentUrl\":\"http:\\\/\\\/edytalitwiniuk.com\\\/wp-content\\\/uploads\\\/2024\\\/06\\\/3.jpg\"},{\"@type\":\"BreadcrumbList\",\"@id\":\"https:\\\/\\\/edytalitwiniuk.com\\\/?page_id=128#breadcrumb\",\"itemListElement\":[{\"@type\":\"ListItem\",\"position\":1,\"name\":\"Home\",\"item\":\"https:\\\/\\\/edytalitwiniuk.com\\\/\"},{\"@type\":\"ListItem\",\"position\":2,\"name\":\"Portfolio\"}]},{\"@type\":\"WebSite\",\"@id\":\"https:\\\/\\\/edytalitwiniuk.com\\\/#website\",\"url\":\"https:\\\/\\\/edytalitwiniuk.com\\\/\",\"name\":\"Edyta Litwiniuk\",\"description\":\"Social media, digital marketing, strony Wordpress\",\"publisher\":{\"@id\":\"https:\\\/\\\/edytalitwiniuk.com\\\/#organization\"},\"potentialAction\":[{\"@type\":\"SearchAction\",\"target\":{\"@type\":\"EntryPoint\",\"urlTemplate\":\"https:\\\/\\\/edytalitwiniuk.com\\\/?s={search_term_string}\"},\"query-input\":{\"@type\":\"PropertyValueSpecification\",\"valueRequired\":true,\"valueName\":\"search_term_string\"}}],\"inLanguage\":\"pl-PL\"},{\"@type\":\"Organization\",\"@id\":\"https:\\\/\\\/edytalitwiniuk.com\\\/#organization\",\"name\":\"Edyta Litwiniuk\",\"url\":\"https:\\\/\\\/edytalitwiniuk.com\\\/\",\"logo\":{\"@type\":\"ImageObject\",\"inLanguage\":\"pl-PL\",\"@id\":\"https:\\\/\\\/edytalitwiniuk.com\\\/#\\\/schema\\\/logo\\\/image\\\/\",\"url\":\"https:\\\/\\\/edytalitwiniuk.com\\\/wp-content\\\/uploads\\\/2023\\\/11\\\/Beige-Minimal-Personal-Make-Up-Artist-Logo-6.png\",\"contentUrl\":\"https:\\\/\\\/edytalitwiniuk.com\\\/wp-content\\\/uploads\\\/2023\\\/11\\\/Beige-Minimal-Personal-Make-Up-Artist-Logo-6.png\",\"width\":500,\"height\":500,\"caption\":\"Edyta Litwiniuk\"},\"image\":{\"@id\":\"https:\\\/\\\/edytalitwiniuk.com\\\/#\\\/schema\\\/logo\\\/image\\\/\"}}]}<\/script>\n<!-- \/ Yoast SEO plugin. -->","yoast_head_json":{"title":"Edyta Litwiniuk. WordPress, social media na Islandii","description":"Jestem Edyta Litwiniuk. Buduj\u0119 strony w WordPress, jestem social media managerem, zajmuj\u0119 si\u0119 digital marketingiem. Social media na Islandii","robots":{"index":"index","follow":"follow","max-snippet":"max-snippet:-1","max-image-preview":"max-image-preview:large","max-video-preview":"max-video-preview:-1"},"canonical":"https:\/\/edytalitwiniuk.com\/?page_id=128","og_locale":"pl_PL","og_type":"article","og_title":"Edyta Litwiniuk. WordPress, social media na Islandii","og_description":"Jestem Edyta Litwiniuk. Buduj\u0119 strony w WordPress, jestem social media managerem, zajmuj\u0119 si\u0119 digital marketingiem. Social media na Islandii","og_url":"https:\/\/edytalitwiniuk.com\/?page_id=128","og_site_name":"Edyta Litwiniuk","article_modified_time":"2024-09-02T14:27:56+00:00","og_image":[{"url":"http:\/\/edytalitwiniuk.com\/wp-content\/uploads\/2024\/06\/3.jpg","type":"","width":"","height":""}],"twitter_card":"summary_large_image","twitter_misc":{"Szacowany czas czytania":"2 minuty"},"schema":{"@context":"https:\/\/schema.org","@graph":[{"@type":"WebPage","@id":"https:\/\/edytalitwiniuk.com\/?page_id=128","url":"https:\/\/edytalitwiniuk.com\/?page_id=128","name":"Edyta Litwiniuk. WordPress, social media na Islandii","isPartOf":{"@id":"https:\/\/edytalitwiniuk.com\/#website"},"primaryImageOfPage":{"@id":"https:\/\/edytalitwiniuk.com\/?page_id=128#primaryimage"},"image":{"@id":"https:\/\/edytalitwiniuk.com\/?page_id=128#primaryimage"},"thumbnailUrl":"http:\/\/edytalitwiniuk.com\/wp-content\/uploads\/2024\/06\/3.jpg","datePublished":"2024-01-01T16:54:19+00:00","dateModified":"2024-09-02T14:27:56+00:00","description":"Jestem Edyta Litwiniuk. Buduj\u0119 strony w WordPress, jestem social media managerem, zajmuj\u0119 si\u0119 digital marketingiem. Social media na Islandii","breadcrumb":{"@id":"https:\/\/edytalitwiniuk.com\/?page_id=128#breadcrumb"},"inLanguage":"pl-PL","potentialAction":[{"@type":"ReadAction","target":["https:\/\/edytalitwiniuk.com\/?page_id=128"]}]},{"@type":"ImageObject","inLanguage":"pl-PL","@id":"https:\/\/edytalitwiniuk.com\/?page_id=128#primaryimage","url":"http:\/\/edytalitwiniuk.com\/wp-content\/uploads\/2024\/06\/3.jpg","contentUrl":"http:\/\/edytalitwiniuk.com\/wp-content\/uploads\/2024\/06\/3.jpg"},{"@type":"BreadcrumbList","@id":"https:\/\/edytalitwiniuk.com\/?page_id=128#breadcrumb","itemListElement":[{"@type":"ListItem","position":1,"name":"Home","item":"https:\/\/edytalitwiniuk.com\/"},{"@type":"ListItem","position":2,"name":"Portfolio"}]},{"@type":"WebSite","@id":"https:\/\/edytalitwiniuk.com\/#website","url":"https:\/\/edytalitwiniuk.com\/","name":"Edyta Litwiniuk","description":"Social media, digital marketing, strony Wordpress","publisher":{"@id":"https:\/\/edytalitwiniuk.com\/#organization"},"potentialAction":[{"@type":"SearchAction","target":{"@type":"EntryPoint","urlTemplate":"https:\/\/edytalitwiniuk.com\/?s={search_term_string}"},"query-input":{"@type":"PropertyValueSpecification","valueRequired":true,"valueName":"search_term_string"}}],"inLanguage":"pl-PL"},{"@type":"Organization","@id":"https:\/\/edytalitwiniuk.com\/#organization","name":"Edyta Litwiniuk","url":"https:\/\/edytalitwiniuk.com\/","logo":{"@type":"ImageObject","inLanguage":"pl-PL","@id":"https:\/\/edytalitwiniuk.com\/#\/schema\/logo\/image\/","url":"https:\/\/edytalitwiniuk.com\/wp-content\/uploads\/2023\/11\/Beige-Minimal-Personal-Make-Up-Artist-Logo-6.png","contentUrl":"https:\/\/edytalitwiniuk.com\/wp-content\/uploads\/2023\/11\/Beige-Minimal-Personal-Make-Up-Artist-Logo-6.png","width":500,"height":500,"caption":"Edyta Litwiniuk"},"image":{"@id":"https:\/\/edytalitwiniuk.com\/#\/schema\/logo\/image\/"}}]}},"_links":{"self":[{"href":"https:\/\/edytalitwiniuk.com\/index.php?rest_route=\/wp\/v2\/pages\/128","targetHints":{"allow":["GET"]}}],"collection":[{"href":"https:\/\/edytalitwiniuk.com\/index.php?rest_route=\/wp\/v2\/pages"}],"about":[{"href":"https:\/\/edytalitwiniuk.com\/index.php?rest_route=\/wp\/v2\/types\/page"}],"author":[{"embeddable":true,"href":"https:\/\/edytalitwiniuk.com\/index.php?rest_route=\/wp\/v2\/users\/1"}],"replies":[{"embeddable":true,"href":"https:\/\/edytalitwiniuk.com\/index.php?rest_route=%2Fwp%2Fv2%2Fcomments&post=128"}],"version-history":[{"count":47,"href":"https:\/\/edytalitwiniuk.com\/index.php?rest_route=\/wp\/v2\/pages\/128\/revisions"}],"predecessor-version":[{"id":634,"href":"https:\/\/edytalitwiniuk.com\/index.php?rest_route=\/wp\/v2\/pages\/128\/revisions\/634"}],"wp:attachment":[{"href":"https:\/\/edytalitwiniuk.com\/index.php?rest_route=%2Fwp%2Fv2%2Fmedia&parent=128"}],"curies":[{"name":"wp","href":"https:\/\/api.w.org\/{rel}","templated":true}]}}