{"id":104,"date":"2024-01-01T17:20:43","date_gmt":"2024-01-01T16:20:43","guid":{"rendered":"http:\/\/edytalitwiniuk.com\/?page_id=104"},"modified":"2024-09-02T15:45:16","modified_gmt":"2024-09-02T13:45:16","slug":"o-mnie","status":"publish","type":"page","link":"https:\/\/edytalitwiniuk.com\/?page_id=104","title":{"rendered":"O mnie"},"content":{"rendered":"\t\t<div data-elementor-type=\"wp-page\" data-elementor-id=\"104\" class=\"elementor elementor-104\">\n\t\t\t\t<div class=\"elementor-element elementor-element-83365a5 e-flex e-con-boxed e-con e-parent\" data-id=\"83365a5\" data-element_type=\"container\" data-e-type=\"container\">\n\t\t\t\t\t<div class=\"e-con-inner\">\n\t\t\t\t<div class=\"elementor-element elementor-element-14e6864 elementor-widget elementor-widget-spacer\" data-id=\"14e6864\" data-element_type=\"widget\" data-e-type=\"widget\" data-widget_type=\"spacer.default\">\n\t\t\t\t<div class=\"elementor-widget-container\">\n\t\t\t\t\t\t\t<div class=\"elementor-spacer\">\n\t\t\t<div class=\"elementor-spacer-inner\"><\/div>\n\t\t<\/div>\n\t\t\t\t\t\t<\/div>\n\t\t\t\t<\/div>\n\t\t\t\t\t<\/div>\n\t\t\t\t<\/div>\n\t\t<div class=\"elementor-element elementor-element-f2969d1 e-flex e-con-boxed e-con e-parent\" data-id=\"f2969d1\" data-element_type=\"container\" data-e-type=\"container\" data-settings=\"{&quot;background_background&quot;:&quot;classic&quot;}\">\n\t\t\t\t\t<div class=\"e-con-inner\">\n\t\t<div class=\"elementor-element elementor-element-f4b6d15 e-con-full e-flex e-con e-child\" data-id=\"f4b6d15\" data-element_type=\"container\" data-e-type=\"container\">\n\t\t\t\t<div class=\"elementor-element elementor-element-352dc19d elementor-widget elementor-widget-heading\" data-id=\"352dc19d\" data-element_type=\"widget\" data-e-type=\"widget\" data-widget_type=\"heading.default\">\n\t\t\t\t<div class=\"elementor-widget-container\">\n\t\t\t\t\t<h1 class=\"elementor-heading-title elementor-size-xxl\">Jestem Edyta Litwiniuk<\/h1>\t\t\t\t<\/div>\n\t\t\t\t<\/div>\n\t\t\t\t<div class=\"elementor-element elementor-element-78cd62da elementor-widget elementor-widget-text-editor\" data-id=\"78cd62da\" data-element_type=\"widget\" data-e-type=\"widget\" data-widget_type=\"text-editor.default\">\n\t\t\t\t<div class=\"elementor-widget-container\">\n\t\t\t\t\t\t\t\t\t<p>Wiesz, \u017ce pierwsze opowiadania na ocen\u0119 celuj\u0105c\u0105 pisa\u0142am ju\u017c w podstaw\u00f3wce? Z pisaniem zawsze by\u0142o mi po drodze. Uko\u0144czy\u0142am te\u017c filologi\u0119 polsk\u0105 ze specjalno\u015bci\u0105 edytorstwo.<\/p><p>Ale to dziennikarstwo skrad\u0142o moje serce. I tym zajmowa\u0142am si\u0119 przez kilkana\u015bcie lat. Praca redaktora prowadz\u0105cego w lokalnej gazecie to prawdziwa szko\u0142a przetrwania. Zw\u0142aszcza w dobie internetu. Dlatego pisa\u0142am nie tylko teksty gazetowe, ale te\u017c internetowe. I by\u0142am nie tylko dziennikarzem. Zajmowa\u0142am si\u0119 sprawami wizerunkowymi, pozyskiwaniem reklamodawc\u00f3w czy prowadzeniem akcji spo\u0142ecznych. I jeszcze wieloma innymi rzeczami.<\/p><p>S\u0142owa kluczowe, SEO, pozycjonowanie, algorytmy Google? S\u0142ysza\u0142am o nich na d\u0142ugo przed tym, zanim sta\u0142o si\u0119 to modne. Ale bez obaw. Nie spoczywam na laurach. W tzw. mi\u0119dzyczasie sko\u0144czy\u0142am studia podyplomowe na kierunkach: junior web developer i Social media menad\u017cer. E-marketing i e-commerce jest na p\u00f3\u0142metku. Wszystko po to, \u017ceby mie\u0107 jak najbardziej \u015bwie\u017c\u0105 i obowi\u0105zuj\u0105c\u0105 wiedz\u0119 z tych zagadnie\u0144. Przy okazji sporo ucz\u0119 si\u0119 sama. O SEO, analizie danych, o nowoczesnych mediach.<\/p><p>Cho\u0107 wiem jak i korzystam z Chatu GPT w codziennej pracy, to bardzo ceni\u0119 sobie swoje w\u0142asne umiej\u0119tno\u015bci pisarskie i wiedz\u0119. Bo to, co mam w mojej g\u0142owie jest wyj\u0105tkowe. Masa do\u015bwiadczenia i wiedzy. Nie do podrobienia. Cho\u0107 przy mniej tw\u00f3rczych tekstach nie odmawiam pomocy. Narz\u0119dzia s\u0105 do tego, \u017ceby z nich korzysta\u0107. I nie mo\u017cna si\u0119 ba\u0107 technologii. Portfolio znajdziesz: <span style=\"text-decoration: underline;\"><strong><a href=\"https:\/\/edytalitwiniuk.com\/?page_id=128\">TUTAJ<\/a><\/strong><\/span>.<\/p><p>Prywatnie od kilku lat mieszkam na Islandii, robi\u0119 na drutach tradycyjne islandzkie we\u0142niane swetry. Podr\u00f3\u017cuj\u0119. Pisz\u0119. Mam psa i dwa koty. I akwarium z rakami. \u017badne z tych zwierz\u0105t nie by\u0142o planowane. Ale to ju\u017c materia\u0142 na inn\u0105 histori\u0119.<\/p>\t\t\t\t\t\t\t\t<\/div>\n\t\t\t\t<\/div>\n\t\t\t\t<\/div>\n\t\t<div class=\"elementor-element elementor-element-41d42c8 e-con-full e-flex e-con e-child\" data-id=\"41d42c8\" data-element_type=\"container\" data-e-type=\"container\">\n\t\t<div class=\"elementor-element elementor-element-2acd8d3 e-con-full e-flex e-con e-child\" data-id=\"2acd8d3\" data-element_type=\"container\" data-e-type=\"container\">\n\t\t\t\t<div class=\"elementor-element elementor-element-445ce9cd elementor-widget__width-initial elementor-widget-tablet__width-inherit elementor-widget elementor-widget-image\" data-id=\"445ce9cd\" data-element_type=\"widget\" data-e-type=\"widget\" data-widget_type=\"image.default\">\n\t\t\t\t<div class=\"elementor-widget-container\">\n\t\t\t\t\t\t\t\t\t\t\t\t\t\t\t<img fetchpriority=\"high\" decoding=\"async\" width=\"461\" height=\"1024\" src=\"https:\/\/edytalitwiniuk.com\/wp-content\/uploads\/2024\/01\/20231008_162658-461x1024.jpg\" class=\"attachment-large size-large wp-image-184\" alt=\"Edyta Litwiniuk\" srcset=\"https:\/\/edytalitwiniuk.com\/wp-content\/uploads\/2024\/01\/20231008_162658-461x1024.jpg 461w, https:\/\/edytalitwiniuk.com\/wp-content\/uploads\/2024\/01\/20231008_162658-135x300.jpg 135w, https:\/\/edytalitwiniuk.com\/wp-content\/uploads\/2024\/01\/20231008_162658.jpg 459w\" sizes=\"(max-width: 461px) 100vw, 461px\" \/>\t\t\t\t\t\t\t\t\t\t\t\t\t\t\t<\/div>\n\t\t\t\t<\/div>\n\t\t\t\t<\/div>\n\t\t<div class=\"elementor-element elementor-element-afc6218 e-con-full e-flex e-con e-child\" data-id=\"afc6218\" data-element_type=\"container\" data-e-type=\"container\">\n\t\t\t\t<div class=\"elementor-element elementor-element-c4daf6c elementor-widget elementor-widget-heading\" data-id=\"c4daf6c\" data-element_type=\"widget\" data-e-type=\"widget\" data-widget_type=\"heading.default\">\n\t\t\t\t<div class=\"elementor-widget-container\">\n\t\t\t\t\t<h2 class=\"elementor-heading-title elementor-size-default\">Islandzkie swetry, przyroda. Zajrzyj na m\u00f3j blog<\/h2>\t\t\t\t<\/div>\n\t\t\t\t<\/div>\n\t\t\t\t<\/div>\n\t\t\t\t<div class=\"elementor-element elementor-element-55cdc4d elementor-widget elementor-widget-text-editor\" data-id=\"55cdc4d\" data-element_type=\"widget\" data-e-type=\"widget\" data-widget_type=\"text-editor.default\">\n\t\t\t\t<div class=\"elementor-widget-container\">\n\t\t\t\t\t\t\t\t\t<p>Je\u015bli chcesz poczyta\u0107 o moich podr\u00f3\u017cach, zobaczy\u0107 moje swetry czy dowiedzie\u0107 si\u0119 wi\u0119cej o islandzkiej we\u0142nie, zajrzyj na moj\u0105 stron\u0119 w j\u0119zyku angielskim.\u00a0\u00a0<\/p>\t\t\t\t\t\t\t\t<\/div>\n\t\t\t\t<\/div>\n\t\t\t\t<div class=\"elementor-element elementor-element-50c7b90 elementor-align-center elementor-widget elementor-widget-button\" data-id=\"50c7b90\" data-element_type=\"widget\" data-e-type=\"widget\" data-widget_type=\"button.default\">\n\t\t\t\t<div class=\"elementor-widget-container\">\n\t\t\t\t\t\t\t\t\t<div class=\"elementor-button-wrapper\">\n\t\t\t\t\t<a class=\"elementor-button elementor-button-link elementor-size-sm\" href=\"http:\/\/www.redlopapeysa.com\" id=\"red\">\n\t\t\t\t\t\t<span class=\"elementor-button-content-wrapper\">\n\t\t\t\t\t\t\t\t\t<span class=\"elementor-button-text\">Zobacz tutaj<\/span>\n\t\t\t\t\t<\/span>\n\t\t\t\t\t<\/a>\n\t\t\t\t<\/div>\n\t\t\t\t\t\t\t\t<\/div>\n\t\t\t\t<\/div>\n\t\t\t\t<\/div>\n\t\t\t\t\t<\/div>\n\t\t\t\t<\/div>\n\t\t\t\t<\/div>\n\t\t","protected":false},"excerpt":{"rendered":"<p>Jestem Edyta Litwiniuk Wiesz, \u017ce pierwsze opowiadania na ocen\u0119 celuj\u0105c\u0105 pisa\u0142am ju\u017c w podstaw\u00f3wce? Z pisaniem zawsze by\u0142o mi po drodze. Uko\u0144czy\u0142am te\u017c filologi\u0119 polsk\u0105 ze specjalno\u015bci\u0105 edytorstwo.\u00a0 Ale to dziennikarstwo skrad\u0142o moje serce. I tym zajmowa\u0142am si\u0119 przez kilkana\u015bcie lat. Praca redaktora prowadz\u0105cego w lokalnej gazecie to prawdziwa szko\u0142a przetrwania. Zw\u0142aszcza w dobie internetu. [&hellip;]<\/p>\n","protected":false},"author":1,"featured_media":0,"parent":0,"menu_order":1,"comment_status":"closed","ping_status":"closed","template":"elementor_header_footer","meta":{"footnotes":""},"class_list":["post-104","page","type-page","status-publish","hentry"],"yoast_head":"<!-- This site is optimized with the Yoast SEO plugin v27.6 - https:\/\/yoast.com\/product\/yoast-seo-wordpress\/ -->\n<title>Edyta Litwiniuk. WordPress, social media, content, marketing<\/title>\n<meta name=\"description\" content=\"Jestem Edyta Litwiniuk. Buduj\u0119 strony w WordPress, jestem social media managerem, zajmuj\u0119 si\u0119 digital marketingiem\" \/>\n<meta name=\"robots\" content=\"index, follow, max-snippet:-1, max-image-preview:large, max-video-preview:-1\" \/>\n<link rel=\"canonical\" href=\"https:\/\/edytalitwiniuk.com\/?page_id=104\" \/>\n<meta property=\"og:locale\" content=\"pl_PL\" \/>\n<meta property=\"og:type\" content=\"article\" \/>\n<meta property=\"og:title\" content=\"Edyta Litwiniuk. WordPress, social media, content, marketing\" \/>\n<meta property=\"og:description\" content=\"Jestem Edyta Litwiniuk. Buduj\u0119 strony w WordPress, jestem social media managerem, zajmuj\u0119 si\u0119 digital marketingiem\" \/>\n<meta property=\"og:url\" content=\"https:\/\/edytalitwiniuk.com\/?page_id=104\" \/>\n<meta property=\"og:site_name\" content=\"Edyta Litwiniuk\" \/>\n<meta property=\"article:modified_time\" content=\"2024-09-02T13:45:16+00:00\" \/>\n<meta property=\"og:image\" content=\"https:\/\/edytalitwiniuk.com\/wp-content\/uploads\/2024\/01\/20231008_162658-461x1024.jpg\" \/>\n<meta name=\"twitter:card\" content=\"summary_large_image\" \/>\n<meta name=\"twitter:label1\" content=\"Szacowany czas czytania\" \/>\n\t<meta name=\"twitter:data1\" content=\"2 minuty\" \/>\n<script type=\"application\/ld+json\" class=\"yoast-schema-graph\">{\"@context\":\"https:\\\/\\\/schema.org\",\"@graph\":[{\"@type\":\"WebPage\",\"@id\":\"https:\\\/\\\/edytalitwiniuk.com\\\/?page_id=104\",\"url\":\"https:\\\/\\\/edytalitwiniuk.com\\\/?page_id=104\",\"name\":\"Edyta Litwiniuk. WordPress, social media, content, marketing\",\"isPartOf\":{\"@id\":\"https:\\\/\\\/edytalitwiniuk.com\\\/#website\"},\"primaryImageOfPage\":{\"@id\":\"https:\\\/\\\/edytalitwiniuk.com\\\/?page_id=104#primaryimage\"},\"image\":{\"@id\":\"https:\\\/\\\/edytalitwiniuk.com\\\/?page_id=104#primaryimage\"},\"thumbnailUrl\":\"https:\\\/\\\/edytalitwiniuk.com\\\/wp-content\\\/uploads\\\/2024\\\/01\\\/20231008_162658-461x1024.jpg\",\"datePublished\":\"2024-01-01T16:20:43+00:00\",\"dateModified\":\"2024-09-02T13:45:16+00:00\",\"description\":\"Jestem Edyta Litwiniuk. Buduj\u0119 strony w WordPress, jestem social media managerem, zajmuj\u0119 si\u0119 digital marketingiem\",\"breadcrumb\":{\"@id\":\"https:\\\/\\\/edytalitwiniuk.com\\\/?page_id=104#breadcrumb\"},\"inLanguage\":\"pl-PL\",\"potentialAction\":[{\"@type\":\"ReadAction\",\"target\":[\"https:\\\/\\\/edytalitwiniuk.com\\\/?page_id=104\"]}]},{\"@type\":\"ImageObject\",\"inLanguage\":\"pl-PL\",\"@id\":\"https:\\\/\\\/edytalitwiniuk.com\\\/?page_id=104#primaryimage\",\"url\":\"https:\\\/\\\/edytalitwiniuk.com\\\/wp-content\\\/uploads\\\/2024\\\/01\\\/20231008_162658.jpg\",\"contentUrl\":\"https:\\\/\\\/edytalitwiniuk.com\\\/wp-content\\\/uploads\\\/2024\\\/01\\\/20231008_162658.jpg\",\"width\":459,\"height\":1020,\"caption\":\"Edyta Litwiniuk\"},{\"@type\":\"BreadcrumbList\",\"@id\":\"https:\\\/\\\/edytalitwiniuk.com\\\/?page_id=104#breadcrumb\",\"itemListElement\":[{\"@type\":\"ListItem\",\"position\":1,\"name\":\"Home\",\"item\":\"https:\\\/\\\/edytalitwiniuk.com\\\/\"},{\"@type\":\"ListItem\",\"position\":2,\"name\":\"O mnie\"}]},{\"@type\":\"WebSite\",\"@id\":\"https:\\\/\\\/edytalitwiniuk.com\\\/#website\",\"url\":\"https:\\\/\\\/edytalitwiniuk.com\\\/\",\"name\":\"Edyta Litwiniuk\",\"description\":\"Social media, digital marketing, strony Wordpress\",\"publisher\":{\"@id\":\"https:\\\/\\\/edytalitwiniuk.com\\\/#organization\"},\"potentialAction\":[{\"@type\":\"SearchAction\",\"target\":{\"@type\":\"EntryPoint\",\"urlTemplate\":\"https:\\\/\\\/edytalitwiniuk.com\\\/?s={search_term_string}\"},\"query-input\":{\"@type\":\"PropertyValueSpecification\",\"valueRequired\":true,\"valueName\":\"search_term_string\"}}],\"inLanguage\":\"pl-PL\"},{\"@type\":\"Organization\",\"@id\":\"https:\\\/\\\/edytalitwiniuk.com\\\/#organization\",\"name\":\"Edyta Litwiniuk\",\"url\":\"https:\\\/\\\/edytalitwiniuk.com\\\/\",\"logo\":{\"@type\":\"ImageObject\",\"inLanguage\":\"pl-PL\",\"@id\":\"https:\\\/\\\/edytalitwiniuk.com\\\/#\\\/schema\\\/logo\\\/image\\\/\",\"url\":\"https:\\\/\\\/edytalitwiniuk.com\\\/wp-content\\\/uploads\\\/2023\\\/11\\\/Beige-Minimal-Personal-Make-Up-Artist-Logo-6.png\",\"contentUrl\":\"https:\\\/\\\/edytalitwiniuk.com\\\/wp-content\\\/uploads\\\/2023\\\/11\\\/Beige-Minimal-Personal-Make-Up-Artist-Logo-6.png\",\"width\":500,\"height\":500,\"caption\":\"Edyta Litwiniuk\"},\"image\":{\"@id\":\"https:\\\/\\\/edytalitwiniuk.com\\\/#\\\/schema\\\/logo\\\/image\\\/\"}}]}<\/script>\n<!-- \/ Yoast SEO plugin. -->","yoast_head_json":{"title":"Edyta Litwiniuk. WordPress, social media, content, marketing","description":"Jestem Edyta Litwiniuk. Buduj\u0119 strony w WordPress, jestem social media managerem, zajmuj\u0119 si\u0119 digital marketingiem","robots":{"index":"index","follow":"follow","max-snippet":"max-snippet:-1","max-image-preview":"max-image-preview:large","max-video-preview":"max-video-preview:-1"},"canonical":"https:\/\/edytalitwiniuk.com\/?page_id=104","og_locale":"pl_PL","og_type":"article","og_title":"Edyta Litwiniuk. WordPress, social media, content, marketing","og_description":"Jestem Edyta Litwiniuk. Buduj\u0119 strony w WordPress, jestem social media managerem, zajmuj\u0119 si\u0119 digital marketingiem","og_url":"https:\/\/edytalitwiniuk.com\/?page_id=104","og_site_name":"Edyta Litwiniuk","article_modified_time":"2024-09-02T13:45:16+00:00","og_image":[{"url":"https:\/\/edytalitwiniuk.com\/wp-content\/uploads\/2024\/01\/20231008_162658-461x1024.jpg","type":"","width":"","height":""}],"twitter_card":"summary_large_image","twitter_misc":{"Szacowany czas czytania":"2 minuty"},"schema":{"@context":"https:\/\/schema.org","@graph":[{"@type":"WebPage","@id":"https:\/\/edytalitwiniuk.com\/?page_id=104","url":"https:\/\/edytalitwiniuk.com\/?page_id=104","name":"Edyta Litwiniuk. WordPress, social media, content, marketing","isPartOf":{"@id":"https:\/\/edytalitwiniuk.com\/#website"},"primaryImageOfPage":{"@id":"https:\/\/edytalitwiniuk.com\/?page_id=104#primaryimage"},"image":{"@id":"https:\/\/edytalitwiniuk.com\/?page_id=104#primaryimage"},"thumbnailUrl":"https:\/\/edytalitwiniuk.com\/wp-content\/uploads\/2024\/01\/20231008_162658-461x1024.jpg","datePublished":"2024-01-01T16:20:43+00:00","dateModified":"2024-09-02T13:45:16+00:00","description":"Jestem Edyta Litwiniuk. Buduj\u0119 strony w WordPress, jestem social media managerem, zajmuj\u0119 si\u0119 digital marketingiem","breadcrumb":{"@id":"https:\/\/edytalitwiniuk.com\/?page_id=104#breadcrumb"},"inLanguage":"pl-PL","potentialAction":[{"@type":"ReadAction","target":["https:\/\/edytalitwiniuk.com\/?page_id=104"]}]},{"@type":"ImageObject","inLanguage":"pl-PL","@id":"https:\/\/edytalitwiniuk.com\/?page_id=104#primaryimage","url":"https:\/\/edytalitwiniuk.com\/wp-content\/uploads\/2024\/01\/20231008_162658.jpg","contentUrl":"https:\/\/edytalitwiniuk.com\/wp-content\/uploads\/2024\/01\/20231008_162658.jpg","width":459,"height":1020,"caption":"Edyta Litwiniuk"},{"@type":"BreadcrumbList","@id":"https:\/\/edytalitwiniuk.com\/?page_id=104#breadcrumb","itemListElement":[{"@type":"ListItem","position":1,"name":"Home","item":"https:\/\/edytalitwiniuk.com\/"},{"@type":"ListItem","position":2,"name":"O mnie"}]},{"@type":"WebSite","@id":"https:\/\/edytalitwiniuk.com\/#website","url":"https:\/\/edytalitwiniuk.com\/","name":"Edyta Litwiniuk","description":"Social media, digital marketing, strony Wordpress","publisher":{"@id":"https:\/\/edytalitwiniuk.com\/#organization"},"potentialAction":[{"@type":"SearchAction","target":{"@type":"EntryPoint","urlTemplate":"https:\/\/edytalitwiniuk.com\/?s={search_term_string}"},"query-input":{"@type":"PropertyValueSpecification","valueRequired":true,"valueName":"search_term_string"}}],"inLanguage":"pl-PL"},{"@type":"Organization","@id":"https:\/\/edytalitwiniuk.com\/#organization","name":"Edyta Litwiniuk","url":"https:\/\/edytalitwiniuk.com\/","logo":{"@type":"ImageObject","inLanguage":"pl-PL","@id":"https:\/\/edytalitwiniuk.com\/#\/schema\/logo\/image\/","url":"https:\/\/edytalitwiniuk.com\/wp-content\/uploads\/2023\/11\/Beige-Minimal-Personal-Make-Up-Artist-Logo-6.png","contentUrl":"https:\/\/edytalitwiniuk.com\/wp-content\/uploads\/2023\/11\/Beige-Minimal-Personal-Make-Up-Artist-Logo-6.png","width":500,"height":500,"caption":"Edyta Litwiniuk"},"image":{"@id":"https:\/\/edytalitwiniuk.com\/#\/schema\/logo\/image\/"}}]}},"_links":{"self":[{"href":"https:\/\/edytalitwiniuk.com\/index.php?rest_route=\/wp\/v2\/pages\/104","targetHints":{"allow":["GET"]}}],"collection":[{"href":"https:\/\/edytalitwiniuk.com\/index.php?rest_route=\/wp\/v2\/pages"}],"about":[{"href":"https:\/\/edytalitwiniuk.com\/index.php?rest_route=\/wp\/v2\/types\/page"}],"author":[{"embeddable":true,"href":"https:\/\/edytalitwiniuk.com\/index.php?rest_route=\/wp\/v2\/users\/1"}],"replies":[{"embeddable":true,"href":"https:\/\/edytalitwiniuk.com\/index.php?rest_route=%2Fwp%2Fv2%2Fcomments&post=104"}],"version-history":[{"count":29,"href":"https:\/\/edytalitwiniuk.com\/index.php?rest_route=\/wp\/v2\/pages\/104\/revisions"}],"predecessor-version":[{"id":605,"href":"https:\/\/edytalitwiniuk.com\/index.php?rest_route=\/wp\/v2\/pages\/104\/revisions\/605"}],"wp:attachment":[{"href":"https:\/\/edytalitwiniuk.com\/index.php?rest_route=%2Fwp%2Fv2%2Fmedia&parent=104"}],"curies":[{"name":"wp","href":"https:\/\/api.w.org\/{rel}","templated":true}]}}